{"id":163,"date":"2018-10-04T15:56:20","date_gmt":"2018-10-04T13:56:20","guid":{"rendered":"http:\/\/jdf.jdnco.fr\/?page_id=163"},"modified":"2018-10-24T10:14:43","modified_gmt":"2018-10-24T08:14:43","slug":"mentions-legales","status":"publish","type":"page","link":"https:\/\/boutique-jourdefete.com\/blog\/mentions-legales\/","title":{"rendered":"Mentions l\u00e9gales"},"content":{"rendered":"<h2>INFORMATIONS \u00c9DITEUR<\/h2>\n<h5>JOUR DE FETE ( SAS TBMD)<\/h5>\n<p>5 Rue de P\u00e9rignat<br \/>\n63800 COURNON D&rsquo;AUVERGNE<br \/>\nFRANCE<br \/>\nT\u00e9l\u00e9phone 04.73.88.23.33<br \/>\nSiret 409 054 335 00065<br \/>\nCode APE 4759 B<\/p>\n<h2>DROIT D&rsquo;AUTEUR &#8211; COPYRIGHT \u00a9 &#8211; LIENS<\/h2>\n<p><strong>La reproduction sur support papier<\/strong><br \/>\nA l&rsquo;exception de l&rsquo;iconographie, la reproduction des pages de ce site sur un support papier est autoris\u00e9e, sous r\u00e9serve du respect des conditions suivantes :<br \/>\n&#8211; gratuit\u00e9 de la diffusion,<br \/>\n&#8211; respect de l&rsquo;int\u00e9grit\u00e9 des documents reproduits (aucune modification, ni alt\u00e9ration d&rsquo;aucune sorte),<br \/>\n&#8211; citation explicite du site www.boutique-jourdefete.com comme source et mention que les droits de reproduction sont r\u00e9serv\u00e9s et strictement limit\u00e9s.<br \/>\n<strong><br \/>\nLa reproduction sur support \u00e9lectronique<br \/>\n<\/strong>La reproduction de tout ou partie de ce site sur un support \u00e9lectronique est autoris\u00e9e sous r\u00e9serve de l&rsquo;ajout de fa\u00e7on claire et lisible de la source (www.boutique-jourdefete.com) et de la mention \u00ab\u00a0Droits r\u00e9serv\u00e9s\u00a0\u00bb.<br \/>\nLes informations utilis\u00e9es ne doivent l&rsquo;\u00eatre qu&rsquo;\u00e0 des fins personnelles, associatives ou professionnelles ; toute utilisation \u00e0 des fins commerciales ou publicitaires est exclue.<br \/>\n<strong><br \/>\nLa cr\u00e9ation de liens vers www.boutique-jourdefete.com<br \/>\n<\/strong>Le site Boutique Jour de F\u00eate autorise la mise en place d&rsquo;un lien hypertexte pointant vers son contenu, sous r\u00e9serve de :<br \/>\n&#8211; ne pas utiliser la technique du lien profond (\u00ab\u00a0deep linking\u00a0\u00bb), c&rsquo;est-\u00e0-dire que les pages du site www.boutique-jourdefete.com ne doivent pas \u00eatre imbriqu\u00e9es \u00e0 l&rsquo;int\u00e9rieur des pages d&rsquo;un autre site, mais accessible par l&rsquo;ouverture d&rsquo;une fen\u00eatre.<br \/>\n&#8211; Mentionner la source qui pointera gr\u00e2ce \u00e0 un lien hypertexte directement sur le contenu vis\u00e9.<br \/>\n&#8211; Les informations utilis\u00e9es ne doivent l&rsquo;\u00eatre qu&rsquo;\u00e0 des fins personnelles, associatives ou professionnelles ; toute utilisation \u00e0 des fins commerciales ou publicitaires est exclue.<br \/>\nCette autorisation ne s&rsquo;applique pas aux sites internet diffusant des informations \u00e0 caract\u00e8re pol\u00e9mique, pornographique, x\u00e9nophobe ou pouvant, dans une plus large mesure porter atteinte \u00e0 la sensibilit\u00e9 du plus grand nombre.<br \/>\nPour d&rsquo;autres utilisations, veuillez nous consulter.<\/p>\n<p>Port\u00e9e des contenus<br \/>\nEn d\u00e9pit du soin apport\u00e9 \u00e0 la collecte des informations ainsi qu&rsquo;\u00e0 la r\u00e9alisation du site au moyen des techniques les plus r\u00e9centes, des erreurs, omissions, inexactitudes, coupures ou additions ind\u00e9pendantes de notre volont\u00e9 peuvent demeurer ou s&rsquo;ins\u00e9rer sur ce site. La Boutique Jour de F\u00eate ne peut, pour cette raison, \u00eatre tenue \u00e0 garantie, ni express\u00e9ment, ni implicitement, pour l&rsquo;ensemble du contenu du site ; l&rsquo;utilisateur du site et des informations qu&rsquo;il contient reconna\u00eet qu&rsquo;il en fait usage \u00e0 ses seuls risques et p\u00e9rils et que la Boutique Jour de F\u00eate ne saurait en cons\u00e9quence voir sa responsabilit\u00e9 engag\u00e9e \u00e0 raison de tout pr\u00e9judice, direct ou indirect, de quelque nature que ce soit r\u00e9sultant pour tout ou partie de l&rsquo;utilisation des informations du site.<br \/>\nDe m\u00eame, la Boutique Jour de F\u00eate ne saurait voir sa responsabilit\u00e9 engag\u00e9e en raison de la nature ou du contenu des sites r\u00e9f\u00e9renc\u00e9s sur les pages qui suivent et notamment ceux pour lesquels un acc\u00e8s est permis par l&rsquo;utilisation des liens hypertextes figurant aux pages de ce site. Conform\u00e9ment \u00e0 la loi n\u00b078-17 du 6 janvier 1978, vous disposez d&rsquo;un droit d&rsquo;acc\u00e8s et de rectification aux donn\u00e9es vous concernant.<\/p>\n<p><strong>Protection des donn\u00e9es personnelles<\/strong><br \/>\nPour des informations relatives \u00e0 la collecte, le traitement et l\u2019utilisation de vos donn\u00e9es personnelles, nous vous invitons \u00e0 vous r\u00e9f\u00e9rer \u00e0 notre d\u00e9claration relative \u00e0 la <strong><a href=\"https:\/\/www.boutique-jourdefete.com\/politique-confidentialite\">protection des donn\u00e9es \u00e0 caract\u00e8re personnel<\/a><\/strong>.<br \/>\nCe site a \u00e9t\u00e9 d\u00e9clar\u00e9 \u00e0 la CNIL et enregistr\u00e9 sous la r\u00e9f\u00e9rence de dossier 1342352.<\/p>\n","protected":false},"excerpt":{"rendered":"<p>INFORMATIONS \u00c9DITEUR JOUR DE FETE ( SAS TBMD) 5 Rue de P\u00e9rignat 63800 COURNON D&rsquo;AUVERGNE FRANCE T\u00e9l\u00e9phone 04.73.88.23.33 Siret 409 054 335 00065 Code APE 4759 B DROIT D&rsquo;AUTEUR &#8211; COPYRIGHT \u00a9 &#8211; LIENS La reproduction sur support papier A l&rsquo;exception de l&rsquo;iconographie, la reproduction des pages de ce site sur un support papier est [&hellip;]<\/p>\n","protected":false},"author":3,"featured_media":0,"parent":0,"menu_order":0,"comment_status":"closed","ping_status":"closed","template":"","meta":{"_acf_changed":false,"footnotes":""},"class_list":["post-163","page","type-page","status-publish","hentry"],"acf":[],"_links":{"self":[{"href":"https:\/\/boutique-jourdefete.com\/blog\/wp-json\/wp\/v2\/pages\/163","targetHints":{"allow":["GET"]}}],"collection":[{"href":"https:\/\/boutique-jourdefete.com\/blog\/wp-json\/wp\/v2\/pages"}],"about":[{"href":"https:\/\/boutique-jourdefete.com\/blog\/wp-json\/wp\/v2\/types\/page"}],"author":[{"embeddable":true,"href":"https:\/\/boutique-jourdefete.com\/blog\/wp-json\/wp\/v2\/users\/3"}],"replies":[{"embeddable":true,"href":"https:\/\/boutique-jourdefete.com\/blog\/wp-json\/wp\/v2\/comments?post=163"}],"version-history":[{"count":3,"href":"https:\/\/boutique-jourdefete.com\/blog\/wp-json\/wp\/v2\/pages\/163\/revisions"}],"predecessor-version":[{"id":6707,"href":"https:\/\/boutique-jourdefete.com\/blog\/wp-json\/wp\/v2\/pages\/163\/revisions\/6707"}],"wp:attachment":[{"href":"https:\/\/boutique-jourdefete.com\/blog\/wp-json\/wp\/v2\/media?parent=163"}],"curies":[{"name":"wp","href":"https:\/\/api.w.org\/{rel}","templated":true}]}}